{"id":111,"date":"2015-03-09T04:47:13","date_gmt":"2015-03-09T02:47:13","guid":{"rendered":"https:\/\/woodprofessionals.lt\/?page_id=111"},"modified":"2016-12-14T09:43:13","modified_gmt":"2016-12-14T07:43:13","slug":"apie-mus","status":"publish","type":"page","link":"https:\/\/woodprofessionals.lt\/lt\/apie-mus\/","title":{"rendered":"Apie mus"},"content":{"rendered":"<p>[vc_row][vc_column width=&#8221;1\/1&#8243;][vc_column_text]<\/p>\n<h2>Kas mes esame<\/h2>\n<p>[\/vc_column_text][vc_empty_space height=&#8221;16px&#8221;][\/vc_column][\/vc_row][vc_row][vc_column width=&#8221;5\/6&#8243;][vc_column_text]<\/p>\n<p style=\"text-align: justify\">UAB \u201eMedienos profesionalai\u201d \u2013 auk\u0161tos kokyb\u0117s medienos produkt\u0173, skirt\u0173 sodui, stovyklavietei ar kitam gamtos prieglobs\u010diui, gamintojas. M\u016bs\u0173 gamini\u0173 asortimente rasite nuo jauki\u0173 grilio nameli\u0173, i\u0161skirtinio dizaino saun\u0173, gra\u017ei\u0173 paviljon\u0173 iki kubil\u0173. Produktai yra gaminami i\u0161 atsinaujinan\u010di\u0173 gamtos i\u0161tekli\u0173: auk\u0161tos kokyb\u0117s pu\u0161ies, kurios kilm\u0117 Europos \u0161alys arba termi\u0161kai Suomijoje modifikuotos pu\u0161ies. I\u0161 Medienos profesional\u0173 ofiso ir gamyklos Ma\u017eeikiuose, per m\u016bs\u0173 plat\u0173 tarptautini\u0173 agent\u0173 tinkl\u0105, mes aptarnaujam klientus, esan\u010dius Nyderlanduose, Vokietijoje, Norvegijoje, Did\u017eiojoje Britanijoje, Pranc\u016bzijoje ir pla\u010diai u\u017e jos rib\u0173.<\/p>\n<p style=\"text-align: justify\">M\u016bs\u0173 pagrindinis tikslas yra gaminti i\u0161skirtinius auk\u0161tos kokyb\u0117s medienos produktus, kurie geriausiai atitinka m\u016bs\u0173 klient\u0173 l\u016bkes\u010dius, puikiai \u012fsikomponuoja m\u016bs\u0173 klient\u0173 namuose ir j\u0173 aplinkoje ir taip pagerina j\u0173 gerb\u016bv\u012f. Mes siekiame sul\u0117tinti gyvenimo temp\u0105, pad\u0117ti klientams atsipalaiduoti, atkurti prarast\u0105 pusiausvyr\u0105 ir m\u0117gautis akimirka ramioje aplinkoje, o po to, su naujomis j\u0117gomis ir puikiomis id\u0117jomis gr\u012f\u017eti \u012f aktyv\u0173 gyvenim\u0105. \u0160iam tikslu pasiekti, mes atsi\u017evelgiame \u012f asmeninius klient\u0173 pageidavimus ir si\u016blome technologinius sprendimus labiausiai atitinkan\u010dius j\u0173 poreikius bei l\u016bkes\u010dius. M\u016bs\u0173 klientai gali rinktis i\u0161 \u012fvairi\u0173 dizaino galimybi\u0173, pavyzd\u017eiui, produkto matmenis, i\u0161d\u0117stym\u0105, lang\u0173 bei dur\u0173 dizain\u0105, izoliacij\u0105, teras\u0105, interjer\u0105 ir t.t.<\/p>\n<p>[\/vc_column_text][vc_empty_space height=&#8221;32px&#8221;][vc_column_text]<\/p>\n<h2>Kaip mes gaminame<\/h2>\n<p>[\/vc_column_text][vc_empty_space height=&#8221;16px&#8221;][\/vc_column][vc_column width=&#8221;1\/6&#8243;][vc_single_image image=&#8221;507&#8243; border_color=&#8221;grey&#8221; img_link_large=&#8221;&#8221; img_link_target=&#8221;_self&#8221; image_hovers=&#8221;true&#8221; img_size=&#8221;large&#8221;][vc_empty_space height=&#8221;25px&#8221;][vc_single_image image=&#8221;520&#8243; border_color=&#8221;grey&#8221; img_link_large=&#8221;&#8221; img_link_target=&#8221;_self&#8221; image_hovers=&#8221;true&#8221; img_size=&#8221;large&#8221;][\/vc_column][\/vc_row][vc_row][vc_column width=&#8221;5\/6&#8243;][vc_column_text]<\/p>\n<p style=\"text-align: justify\">M\u016bs\u0173 gamybos patalpos siekia du t\u016bkstan\u010dius kvadratini\u0173 metr\u0173. Dirbame su modernia profesionalia \u012franga bei technika, kuri leid\u017eia mums pasiekti labai tikslius element\u0173 i\u0161matavimus, kas u\u017etikrina lengv\u0105 montavim\u0105, gaminio tvirtum\u0105 bei jo ger\u0105 i\u0161vaizd\u0105. Kiekviename gamybos proceso etape ypatingas d\u0117mesys skiriamas kokyb\u0117s kontrolei: nuo \u017ealiav\u0173 tiekimo iki produkto pristatymo klientui. U\u017esakymo \u012fgyvendinimo laikotarpis paprastai u\u017etrunka iki 2 savai\u010di\u0173.<\/p>\n<p style=\"text-align: justify\">M\u016bs\u0173 gamybos skyrius nuolatos investuoja \u012f naujus \u012frengimus. Taip pat visada ie\u0161ko nauj\u0173 id\u0117j\u0173, siekia pagerinti produkt\u0173 dizain\u0105 bei techninius j\u0173 sprendimus. Produktai yra gaminami pagal br\u0117\u017einius, grie\u017etai vadovaujantis instrukcijomis, tod\u0117l atitinka Europos s\u0105jungos kokyb\u0117s standartus. Kiekvienas naujas produktas yra testuojamas. Dauguma med\u017eiag\u0173 naudojam\u0173 gamybos procese yra sertifikuotos (ir pa\u017eym\u0117tos CE simboliu).<\/p>\n<p>[\/vc_column_text][vc_empty_space height=&#8221;32px&#8221;][vc_column_text]<\/p>\n<h2>M\u016bs\u0173 kompetencija<\/h2>\n<p>[\/vc_column_text][vc_empty_space height=&#8221;16px&#8221;][\/vc_column][vc_column width=&#8221;1\/6&#8243;][vc_single_image image=&#8221;512&#8243; border_color=&#8221;grey&#8221; img_link_large=&#8221;&#8221; img_link_target=&#8221;_self&#8221; image_hovers=&#8221;true&#8221; img_size=&#8221;large&#8221;][vc_empty_space height=&#8221;10px&#8221;][vc_single_image image=&#8221;511&#8243; border_color=&#8221;grey&#8221; img_link_large=&#8221;&#8221; img_link_target=&#8221;_self&#8221; image_hovers=&#8221;true&#8221; img_size=&#8221;large&#8221;][\/vc_column][\/vc_row][vc_row][vc_column width=&#8221;5\/6&#8243;][vc_column_text]<\/p>\n<p style=\"text-align: justify\">M\u016bs\u0173 komanda sudaryta i\u0161 atvir\u0173 pa\u017ei\u016br\u0173 specialist\u0173, kuriuos motyvuoja geri rezultatai ir naujov\u0117s, kurie turi sukaup\u0119 daugiau nei 10 met\u0173 patirt\u012f pardavim\u0173 valdymo ir gamybos procesuose. Mes suprantame, kad klientai vaidina itin svarb\u0173 vaidmen\u012f ir lemia s\u0117kming\u0105 versl\u0105, tod\u0117l labai atsakingai tai vertiname ir visada siekiame ilgalaik\u0117s partneryst\u0117s. \u0160iam tikslui \u012fgyvendinti taip pat nuolat dirbame su naujomis id\u0117jomis, siekiame pagerinti teikiam\u0173 paslaug\u0173 kokyb\u0119, i\u0161pl\u0117toti ir rasti geriausi\u0105 technologin\u012f sprendim\u0105. Visos pastangos nukreiptos \u012f nuolatos augan\u010dius m\u016bs\u0173 klient\u0173 l\u016bkes\u010dius. Mes manome, kad inovacijos yra pagrindin\u0117 augimo j\u0117ga, tod\u0117l visada ie\u0161kome naujovi\u0161k\u0173 b\u016bd\u0173, kaip efektyviau ir kokybi\u0161kiau aptarnauti m\u016bs\u0173 klientus.<\/p>\n<p>[\/vc_column_text][vc_empty_space height=&#8221;32px&#8221;][\/vc_column][vc_column width=&#8221;1\/6&#8243;][vc_single_image image=&#8221;521&#8243; border_color=&#8221;grey&#8221; img_link_large=&#8221;&#8221; img_link_target=&#8221;_self&#8221; image_hovers=&#8221;true&#8221; img_size=&#8221;large&#8221;][\/vc_column][\/vc_row][vc_row][vc_column width=&#8221;1\/1&#8243;][vc_column_text]<\/p>\n<h2>M\u016bs\u0173 partneriai<\/h2>\n<p>[\/vc_column_text][vc_empty_space height=&#8221;32px&#8221;]<div id=\"ult-carousel-229550839769e9d979ceafe\" class=\"ult-carousel-wrapper   ult_full_width\" data-gutter=\"15\" data-rtl=\"false\" ><div class=\"ult-carousel-258934822869e9d979cea6d \" >[vc_single_image image=&#8221;71&#8243; border_color=&#8221;grey&#8221; img_link_large=&#8221;&#8221; img_link_target=&#8221;_self&#8221; alignment=&#8221;center&#8221;][vc_single_image image=&#8221;72&#8243; border_color=&#8221;grey&#8221; img_link_large=&#8221;&#8221; img_link_target=&#8221;_self&#8221; alignment=&#8221;center&#8221;][vc_single_image image=&#8221;73&#8243; border_color=&#8221;grey&#8221; img_link_large=&#8221;&#8221; img_link_target=&#8221;_self&#8221; alignment=&#8221;center&#8221;][vc_single_image image=&#8221;74&#8243; border_color=&#8221;grey&#8221; img_link_large=&#8221;&#8221; img_link_target=&#8221;_self&#8221; alignment=&#8221;center&#8221;][vc_single_image image=&#8221;75&#8243; border_color=&#8221;grey&#8221; img_link_large=&#8221;&#8221; img_link_target=&#8221;_self&#8221; alignment=&#8221;center&#8221;][vc_single_image image=&#8221;76&#8243; border_color=&#8221;grey&#8221; img_link_large=&#8221;&#8221; img_link_target=&#8221;_self&#8221; alignment=&#8221;center&#8221;]<\/div><\/div>\t\t\t<script type=\"text\/javascript\">\n\t\t\t\tjQuery(document).ready(function ($) {\n\t\t\t\t\tif( typeof jQuery('.ult-carousel-258934822869e9d979cea6d').slick == \"function\"){\n\t\t\t\t\t\t$('.ult-carousel-258934822869e9d979cea6d').slick({dots: true,autoplay: true,autoplaySpeed: 2000,speed: 300,infinite: true,arrows: false,slidesToScroll:3,slidesToShow:3,swipe: true,draggable: true,touchMove: true,pauseOnHover: true,pauseOnFocus: false,responsive: [\n\t\t\t\t\t\t\t{\n\t\t\t\t\t\t\t  breakpoint: 1026,\n\t\t\t\t\t\t\t  settings: {\n\t\t\t\t\t\t\t\tslidesToShow: 3,\n\t\t\t\t\t\t\t\tslidesToScroll: 3,  \n\t\t\t\t\t\t\t  }\n\t\t\t\t\t\t\t},\n\t\t\t\t\t\t\t{\n\t\t\t\t\t\t\t  breakpoint: 1025,\n\t\t\t\t\t\t\t  settings: {\n\t\t\t\t\t\t\t\tslidesToShow: 3,\n\t\t\t\t\t\t\t\tslidesToScroll: 3\n\t\t\t\t\t\t\t  }\n\t\t\t\t\t\t\t},\n\t\t\t\t\t\t\t{\n\t\t\t\t\t\t\t  breakpoint: 760,\n\t\t\t\t\t\t\t  settings: {\n\t\t\t\t\t\t\t\tslidesToShow: 2,\n\t\t\t\t\t\t\t\tslidesToScroll: 2\n\t\t\t\t\t\t\t  }\n\t\t\t\t\t\t\t}\n\t\t\t\t\t\t],pauseOnDotsHover: true,customPaging: function(slider, i) {\n                   return '<i type=\"button\" style= \"color:#333333;\" class=\"ultsl-record\" data-role=\"none\"><\/i>';\n                },});\n\t\t\t\t\t}\n\t\t\t\t});\n\t\t\t<\/script>\n\t\t\t[vc_empty_space height=&#8221;32px&#8221;][\/vc_column][\/vc_row][vc_row][vc_column width=&#8221;1\/2&#8243;][vc_column_text]<\/p>\n<h2>M\u016bs\u0173 verslo id\u0117ja<\/h2>\n<p>[\/vc_column_text][vc_empty_space height=&#8221;16px&#8221;][vc_column_text]Siekiame gaminti i\u0161skirtinius, novatori\u0161kus, auk\u0161tos kokyb\u0117s medienos gaminius, kurie vir\u0161ija m\u016bs\u0173 klient\u0173 l\u016bkes\u010dius ir pagerina j\u0173 gyvenimo kokyb\u0119.[\/vc_column_text][vc_empty_space height=&#8221;32px&#8221;][\/vc_column][vc_column width=&#8221;1\/2&#8243;][vc_column_text]<\/p>\n<h2>K\u0105 mes vertiname ir ko siekiame<\/h2>\n<p>[\/vc_column_text][vc_empty_space height=&#8221;16px&#8221;][vc_column_text]<\/p>\n<ul>\n<li>Sukurti saugi\u0105, teigiam\u0105 ir patikim\u0105 aplink\u0105 m\u016bs\u0173 darbuotojams<\/li>\n<li>Kiekvienoje situacijoje elgtis atsakingai ir pagarbiai<\/li>\n<li>Naudojant savo kompetencijas, lankstum\u0105 ir novatori\u0161kum\u0105 patenkinti augan\u010dius m\u016bs\u0173 klient\u0173 poreikius<\/li>\n<li>I\u0161laikyti technologini\u0173 proces\u0173paprastum\u0105<\/li>\n<li>B\u016bti atviri naujoms id\u0117joms ir lengvai priimti i\u0161\u0161\u016bkius<\/li>\n<li>B\u016bti skaidr\u016bs ir atskaitingi valstyb\u0117s institucijoms<\/li>\n<\/ul>\n<p>[\/vc_column_text][vc_empty_space height=&#8221;32px&#8221;][\/vc_column][\/vc_row]<\/p>\n","protected":false},"excerpt":{"rendered":"<p>[vc_row][vc_column width=&#8221;1\/1&#8243;][vc_column_text] Kas mes esame [\/vc_column_text][vc_empty_space height=&#8221;16px&#8221;][\/vc_column][\/vc_row][vc_row][vc_column width=&#8221;5\/6&#8243;][vc_column_text] UAB \u201eMedienos profesionalai\u201d \u2013 auk\u0161tos kokyb\u0117s medienos produkt\u0173, skirt\u0173 sodui, stovyklavietei ar kitam gamtos prieglobs\u010diui, gamintojas. M\u016bs\u0173 gamini\u0173 asortimente rasite nuo jauki\u0173 grilio nameli\u0173, i\u0161skirtinio dizaino saun\u0173, gra\u017ei\u0173 paviljon\u0173 iki kubil\u0173. Produktai yra gaminami i\u0161 atsinaujinan\u010di\u0173 gamtos i\u0161tekli\u0173: auk\u0161tos kokyb\u0117s pu\u0161ies, kurios kilm\u0117 Europos \u0161alys arba termi\u0161kai&hellip;<\/p>\n","protected":false},"author":4,"featured_media":0,"parent":0,"menu_order":1,"comment_status":"closed","ping_status":"closed","template":"","meta":[],"class_list":["post-111","page","type-page","status-publish","hentry","description-off"],"yoast_head":"<!-- This site is optimized with the Yoast SEO plugin v24.9 - https:\/\/yoast.com\/wordpress\/plugins\/seo\/ -->\n<title>Apie mus | Woodprofessionals.lt<\/title>\n<meta name=\"description\" content=\"M\u016bs\u0173 pagrindinis tikslas yra gaminti i\u0161skirtinius auk\u0161tos kokyb\u0117s medienos produktus kurie, puikiai \u012fsikomponuoja m\u016bs\u0173 klient\u0173 namuose.\" \/>\n<meta name=\"robots\" content=\"index, follow, max-snippet:-1, max-image-preview:large, max-video-preview:-1\" \/>\n<link rel=\"canonical\" href=\"https:\/\/woodprofessionals.lt\/lt\/apie-mus\/\" \/>\n<meta property=\"og:locale\" content=\"lt_LT\" \/>\n<meta property=\"og:type\" content=\"article\" \/>\n<meta property=\"og:title\" content=\"Apie mus | Woodprofessionals.lt\" \/>\n<meta property=\"og:description\" content=\"M\u016bs\u0173 pagrindinis tikslas yra gaminti i\u0161skirtinius auk\u0161tos kokyb\u0117s medienos produktus kurie, puikiai \u012fsikomponuoja m\u016bs\u0173 klient\u0173 namuose.\" \/>\n<meta property=\"og:url\" content=\"https:\/\/woodprofessionals.lt\/lt\/apie-mus\/\" \/>\n<meta property=\"og:site_name\" content=\"Wood professionals\" \/>\n<meta property=\"article:modified_time\" content=\"2016-12-14T07:43:13+00:00\" \/>\n<meta name=\"twitter:card\" content=\"summary_large_image\" \/>\n<meta name=\"twitter:label1\" content=\"Est. reading time\" \/>\n\t<meta name=\"twitter:data1\" content=\"5 minutes\" \/>\n<script type=\"application\/ld+json\" class=\"yoast-schema-graph\">{\"@context\":\"https:\/\/schema.org\",\"@graph\":[{\"@type\":\"WebPage\",\"@id\":\"https:\/\/woodprofessionals.lt\/lt\/apie-mus\/\",\"url\":\"https:\/\/woodprofessionals.lt\/lt\/apie-mus\/\",\"name\":\"Apie mus | Woodprofessionals.lt\",\"isPartOf\":{\"@id\":\"https:\/\/woodprofessionals.lt\/lt\/#website\"},\"datePublished\":\"2015-03-09T02:47:13+00:00\",\"dateModified\":\"2016-12-14T07:43:13+00:00\",\"description\":\"M\u016bs\u0173 pagrindinis tikslas yra gaminti i\u0161skirtinius auk\u0161tos kokyb\u0117s medienos produktus kurie, puikiai \u012fsikomponuoja m\u016bs\u0173 klient\u0173 namuose.\",\"breadcrumb\":{\"@id\":\"https:\/\/woodprofessionals.lt\/lt\/apie-mus\/#breadcrumb\"},\"inLanguage\":\"lt-LT\",\"potentialAction\":[{\"@type\":\"ReadAction\",\"target\":[\"https:\/\/woodprofessionals.lt\/lt\/apie-mus\/\"]}]},{\"@type\":\"BreadcrumbList\",\"@id\":\"https:\/\/woodprofessionals.lt\/lt\/apie-mus\/#breadcrumb\",\"itemListElement\":[{\"@type\":\"ListItem\",\"position\":1,\"name\":\"Home\",\"item\":\"https:\/\/woodprofessionals.lt\/lt\/\"},{\"@type\":\"ListItem\",\"position\":2,\"name\":\"Apie mus\"}]},{\"@type\":\"WebSite\",\"@id\":\"https:\/\/woodprofessionals.lt\/lt\/#website\",\"url\":\"https:\/\/woodprofessionals.lt\/lt\/\",\"name\":\"Wood professionals\",\"description\":\"\",\"potentialAction\":[{\"@type\":\"SearchAction\",\"target\":{\"@type\":\"EntryPoint\",\"urlTemplate\":\"https:\/\/woodprofessionals.lt\/lt\/?s={search_term_string}\"},\"query-input\":{\"@type\":\"PropertyValueSpecification\",\"valueRequired\":true,\"valueName\":\"search_term_string\"}}],\"inLanguage\":\"lt-LT\"}]}<\/script>\n<!-- \/ Yoast SEO plugin. -->","yoast_head_json":{"title":"Apie mus | Woodprofessionals.lt","description":"M\u016bs\u0173 pagrindinis tikslas yra gaminti i\u0161skirtinius auk\u0161tos kokyb\u0117s medienos produktus kurie, puikiai \u012fsikomponuoja m\u016bs\u0173 klient\u0173 namuose.","robots":{"index":"index","follow":"follow","max-snippet":"max-snippet:-1","max-image-preview":"max-image-preview:large","max-video-preview":"max-video-preview:-1"},"canonical":"https:\/\/woodprofessionals.lt\/lt\/apie-mus\/","og_locale":"lt_LT","og_type":"article","og_title":"Apie mus | Woodprofessionals.lt","og_description":"M\u016bs\u0173 pagrindinis tikslas yra gaminti i\u0161skirtinius auk\u0161tos kokyb\u0117s medienos produktus kurie, puikiai \u012fsikomponuoja m\u016bs\u0173 klient\u0173 namuose.","og_url":"https:\/\/woodprofessionals.lt\/lt\/apie-mus\/","og_site_name":"Wood professionals","article_modified_time":"2016-12-14T07:43:13+00:00","twitter_card":"summary_large_image","twitter_misc":{"Est. reading time":"5 minutes"},"schema":{"@context":"https:\/\/schema.org","@graph":[{"@type":"WebPage","@id":"https:\/\/woodprofessionals.lt\/lt\/apie-mus\/","url":"https:\/\/woodprofessionals.lt\/lt\/apie-mus\/","name":"Apie mus | Woodprofessionals.lt","isPartOf":{"@id":"https:\/\/woodprofessionals.lt\/lt\/#website"},"datePublished":"2015-03-09T02:47:13+00:00","dateModified":"2016-12-14T07:43:13+00:00","description":"M\u016bs\u0173 pagrindinis tikslas yra gaminti i\u0161skirtinius auk\u0161tos kokyb\u0117s medienos produktus kurie, puikiai \u012fsikomponuoja m\u016bs\u0173 klient\u0173 namuose.","breadcrumb":{"@id":"https:\/\/woodprofessionals.lt\/lt\/apie-mus\/#breadcrumb"},"inLanguage":"lt-LT","potentialAction":[{"@type":"ReadAction","target":["https:\/\/woodprofessionals.lt\/lt\/apie-mus\/"]}]},{"@type":"BreadcrumbList","@id":"https:\/\/woodprofessionals.lt\/lt\/apie-mus\/#breadcrumb","itemListElement":[{"@type":"ListItem","position":1,"name":"Home","item":"https:\/\/woodprofessionals.lt\/lt\/"},{"@type":"ListItem","position":2,"name":"Apie mus"}]},{"@type":"WebSite","@id":"https:\/\/woodprofessionals.lt\/lt\/#website","url":"https:\/\/woodprofessionals.lt\/lt\/","name":"Wood professionals","description":"","potentialAction":[{"@type":"SearchAction","target":{"@type":"EntryPoint","urlTemplate":"https:\/\/woodprofessionals.lt\/lt\/?s={search_term_string}"},"query-input":{"@type":"PropertyValueSpecification","valueRequired":true,"valueName":"search_term_string"}}],"inLanguage":"lt-LT"}]}},"_links":{"self":[{"href":"https:\/\/woodprofessionals.lt\/lt\/wp-json\/wp\/v2\/pages\/111","targetHints":{"allow":["GET"]}}],"collection":[{"href":"https:\/\/woodprofessionals.lt\/lt\/wp-json\/wp\/v2\/pages"}],"about":[{"href":"https:\/\/woodprofessionals.lt\/lt\/wp-json\/wp\/v2\/types\/page"}],"author":[{"embeddable":true,"href":"https:\/\/woodprofessionals.lt\/lt\/wp-json\/wp\/v2\/users\/4"}],"replies":[{"embeddable":true,"href":"https:\/\/woodprofessionals.lt\/lt\/wp-json\/wp\/v2\/comments?post=111"}],"version-history":[{"count":9,"href":"https:\/\/woodprofessionals.lt\/lt\/wp-json\/wp\/v2\/pages\/111\/revisions"}],"predecessor-version":[{"id":530,"href":"https:\/\/woodprofessionals.lt\/lt\/wp-json\/wp\/v2\/pages\/111\/revisions\/530"}],"wp:attachment":[{"href":"https:\/\/woodprofessionals.lt\/lt\/wp-json\/wp\/v2\/media?parent=111"}],"curies":[{"name":"wp","href":"https:\/\/api.w.org\/{rel}","templated":true}]}}