{"id":101,"date":"2015-03-09T04:23:33","date_gmt":"2015-03-09T02:23:33","guid":{"rendered":"https:\/\/woodprofessionals.lt\/?page_id=101"},"modified":"2024-01-24T16:49:44","modified_gmt":"2024-01-24T14:49:44","slug":"news-2","status":"publish","type":"page","link":"https:\/\/woodprofessionals.lt\/lt\/news-2\/","title":{"rendered":"News"},"content":{"rendered":"<p>[vc_row][vc_column][vc_empty_space]<div id=\"ultimate-heading-31469e9da1c512aa\" class=\"uvc-heading ult-adjust-bottom-margin ultimate-heading-31469e9da1c512aa uvc-9478  uvc-heading-default-font-sizes\" data-hspacer=\"line_only\"  data-halign=\"center\" style=\"text-align:center\"><div class=\"uvc-main-heading ult-responsive\"  data-ultimate-target='.uvc-heading.ultimate-heading-31469e9da1c512aa h2'  data-responsive-json-new='{\"font-size\":\"\",\"line-height\":\"\"}' ><h2 style=\"--font-weight:theme;\">Our Latest News<\/h2><\/div><div class=\"uvc-heading-spacer line_only\" style=\"topheight:1px;\"><span class=\"uvc-headings-line\" style=\"border-style:solid;border-bottom-width:1px;border-color:#ccc;width:200px;\"><\/span><\/div><\/div>[vc_empty_space][vc_row_inner][vc_column_inner][vc_column_text]<strong>UAB &#8220;Medienos profesionalai&#8221; gavo param\u0105 i\u0161 \u0160iaur\u0117s vakar\u0173 Lietuvos VVG ir \u012fgyvendina projekt\u0105 ,,Parama ne \u017eem\u0117s \u016bkio verslui kaimo vietov\u0117se pl\u0117toti\u201c verslo pl\u0117trai. <\/strong><\/p>\n<p>Projektas parengtas pagal VPS priemon\u0119 ,,\u016akio ir verslo pl\u0117tra\u201c 1 veiklos srit\u012f ,,Parama ne \u017eem\u0117s \u016bkio verslui kaimo vietov\u0117se pl\u0117toti\u201c, patvirtint\u0105 \u0160iaur\u0117s vakar\u0173 Lietuvos VVG VPS vykdytojos valdymo organo sprendimu \/ valdybos nari\u0173 susirinkimo 2020 m. vasario 17 d. sprendimu Nr. 2<\/p>\n<p>Paramos l\u0117\u0161\u0173 suma \u2013 33\u00a0666,50 Eur<\/p>\n<p>Tinkama finansuoti i\u0161laid\u0173 dalis \u2013 50,00\u00a0proc.<\/p>\n<p>Projekto vert\u0117 \u2013\u00a081 472,93 Eur\u00a0(su PVM)<\/p>\n<p>Parai\u0161ka patvirtinta: 2020-10-09<\/p>\n<p>Projektas planuojamas \u012fgyvendinti: 24 m\u0117n.<\/p>\n<p><strong>Projekto tikslas<\/strong>\u00a0\u2013\u00a0\u012fsigyti medienos apdirbimo stakles, kurios pad\u0117s optimizuoti darbo viet\u0173 skai\u010di\u0173 ir efektyvinti gamyb\u0105.<\/p>\n<p><strong>Projekto u\u017edaviniai:<\/strong><\/p>\n<ol>\n<li>\u012esigyti\u00a0 med\u017eio apdirbimo stakles;<\/li>\n<li>Sukurti 2 naujas darbo vietas;<\/li>\n<li>Vie\u0161inti param\u0105.<\/li>\n<\/ol>\n<p><strong>Laukiamas rezultatas:<\/strong>\u00a0\u012esigijus stakles, bus ple\u010diamas gamybinis paj\u0117gumas, stakl\u0117s\u00a0 tur\u0117s tiesiogin\u0119 \u012ftak\u0105 u\u017esakym\u0173 \u012fvykdymo kiekiui, kokybei. Bus \u012fvykdoma daugiau u\u017esakym\u0173 per trumpesn\u012f laik\u0105.[\/vc_column_text][\/vc_column_inner][\/vc_row_inner][vc_empty_space]<div class=\"hr-thin style-line\" style=\"width: 100%;border-color: #7a7a7a;border-top-width: 1px;\"><\/div>[vc_empty_space][vc_row_inner][vc_column_inner width=&#8221;1\/4&#8243;][vc_column_text]<\/p>\n<h4><span style=\"text-decoration: underline;\"><span style=\"color: #000000;\"><strong>03\/09\/2020<\/strong><\/span><\/span><\/h4>\n<p>[\/vc_column_text][vc_empty_space][vc_column_text]<\/p>\n<h4><strong><span style=\"color: #ff0000;\">NEW<\/span><\/strong><strong><span style=\"color: #808080;\"> MODULAR HOUSES!<\/span><\/strong><\/h4>\n<p>[\/vc_column_text][\/vc_column_inner][vc_column_inner width=&#8221;3\/4&#8243;][vc_single_image image=&#8221;6626&#8243; img_size=&#8221;large&#8221;][\/vc_column_inner][\/vc_row_inner][vc_empty_space]<div class=\"hr-thin style-line\" style=\"width: 100%;border-color: #7a7a7a;border-top-width: 1px;\"><\/div>[vc_empty_space]<div class=\"hr-thin style-line\" style=\"width: 100%;border-color: #7a7a7a;border-top-width: 1px;\"><\/div>[vc_empty_space][vc_row_inner][vc_column_inner width=&#8221;1\/4&#8243;][vc_column_text]<\/p>\n<h4><span style=\"text-decoration: underline;\"><span style=\"color: #000000;\"><strong>23\/10\/2014<\/strong><\/span><\/span><\/h4>\n<p>[\/vc_column_text][vc_empty_space][vc_column_text]<\/p>\n<h4><strong><span style=\"color: #808080;\"><span style=\"color: #ff0000;\">6<\/span> Product Flyer!<\/span><\/strong><\/h4>\n<p>Wp\u00a0presents it&#8217;s high-quality products&#8230;[\/vc_column_text][\/vc_column_inner][vc_column_inner width=&#8221;3\/4&#8243;][vc_single_image image=&#8221;4399&#8243; img_size=&#8221;large&#8221;][\/vc_column_inner][\/vc_row_inner][\/vc_column][\/vc_row]<\/p>\n","protected":false},"excerpt":{"rendered":"<p>[vc_row][vc_column][vc_empty_space][vc_empty_space][vc_row_inner][vc_column_inner][vc_column_text]UAB &#8220;Medienos profesionalai&#8221; gavo param\u0105 i\u0161 \u0160iaur\u0117s vakar\u0173 Lietuvos VVG ir \u012fgyvendina projekt\u0105 ,,Parama ne \u017eem\u0117s \u016bkio verslui kaimo vietov\u0117se pl\u0117toti\u201c verslo pl\u0117trai. Projektas parengtas pagal VPS priemon\u0119 ,,\u016akio ir verslo pl\u0117tra\u201c 1 veiklos srit\u012f ,,Parama ne \u017eem\u0117s \u016bkio verslui kaimo vietov\u0117se pl\u0117toti\u201c, patvirtint\u0105 \u0160iaur\u0117s vakar\u0173 Lietuvos VVG VPS vykdytojos valdymo organo sprendimu \/ valdybos&hellip;<\/p>\n","protected":false},"author":4,"featured_media":0,"parent":0,"menu_order":0,"comment_status":"closed","ping_status":"closed","template":"","meta":[],"class_list":["post-101","page","type-page","status-publish","hentry","description-off"],"yoast_head":"<!-- This site is optimized with the Yoast SEO plugin v24.9 - https:\/\/yoast.com\/wordpress\/plugins\/seo\/ -->\n<title>Woodprofessionals.lt: auk\u0161tos kokyb\u0117s medienos produktai<\/title>\n<meta name=\"description\" content=\"UAB \u201eMedienos profesionalai\u201d \u2013 auk\u0161tos kokyb\u0117s medienos produkt\u0173, skirt\u0173 sodui, stovyklavietei ar kitam gamtos prieglobs\u010diui, gamintojas.\" \/>\n<meta name=\"robots\" content=\"index, follow, max-snippet:-1, max-image-preview:large, max-video-preview:-1\" \/>\n<link rel=\"canonical\" href=\"https:\/\/woodprofessionals.lt\/lt\/news-2\/\" \/>\n<meta property=\"og:locale\" content=\"lt_LT\" \/>\n<meta property=\"og:type\" content=\"article\" \/>\n<meta property=\"og:title\" content=\"Woodprofessionals.lt: auk\u0161tos kokyb\u0117s medienos produktai\" \/>\n<meta property=\"og:description\" content=\"UAB \u201eMedienos profesionalai\u201d \u2013 auk\u0161tos kokyb\u0117s medienos produkt\u0173, skirt\u0173 sodui, stovyklavietei ar kitam gamtos prieglobs\u010diui, gamintojas.\" \/>\n<meta property=\"og:url\" content=\"https:\/\/woodprofessionals.lt\/lt\/news-2\/\" \/>\n<meta property=\"og:site_name\" content=\"Wood professionals\" \/>\n<meta property=\"article:modified_time\" content=\"2024-01-24T14:49:44+00:00\" \/>\n<meta name=\"twitter:card\" content=\"summary_large_image\" \/>\n<meta name=\"twitter:label1\" content=\"Est. reading time\" \/>\n\t<meta name=\"twitter:data1\" content=\"1 minute\" \/>\n<script type=\"application\/ld+json\" class=\"yoast-schema-graph\">{\"@context\":\"https:\/\/schema.org\",\"@graph\":[{\"@type\":\"WebPage\",\"@id\":\"https:\/\/woodprofessionals.lt\/lt\/news-2\/\",\"url\":\"https:\/\/woodprofessionals.lt\/lt\/news-2\/\",\"name\":\"Woodprofessionals.lt: auk\u0161tos kokyb\u0117s medienos produktai\",\"isPartOf\":{\"@id\":\"https:\/\/woodprofessionals.lt\/lt\/#website\"},\"datePublished\":\"2015-03-09T02:23:33+00:00\",\"dateModified\":\"2024-01-24T14:49:44+00:00\",\"description\":\"UAB \u201eMedienos profesionalai\u201d \u2013 auk\u0161tos kokyb\u0117s medienos produkt\u0173, skirt\u0173 sodui, stovyklavietei ar kitam gamtos prieglobs\u010diui, gamintojas.\",\"breadcrumb\":{\"@id\":\"https:\/\/woodprofessionals.lt\/lt\/news-2\/#breadcrumb\"},\"inLanguage\":\"lt-LT\",\"potentialAction\":[{\"@type\":\"ReadAction\",\"target\":[\"https:\/\/woodprofessionals.lt\/lt\/news-2\/\"]}]},{\"@type\":\"BreadcrumbList\",\"@id\":\"https:\/\/woodprofessionals.lt\/lt\/news-2\/#breadcrumb\",\"itemListElement\":[{\"@type\":\"ListItem\",\"position\":1,\"name\":\"Home\",\"item\":\"https:\/\/woodprofessionals.lt\/lt\/\"},{\"@type\":\"ListItem\",\"position\":2,\"name\":\"News\"}]},{\"@type\":\"WebSite\",\"@id\":\"https:\/\/woodprofessionals.lt\/lt\/#website\",\"url\":\"https:\/\/woodprofessionals.lt\/lt\/\",\"name\":\"Wood professionals\",\"description\":\"\",\"potentialAction\":[{\"@type\":\"SearchAction\",\"target\":{\"@type\":\"EntryPoint\",\"urlTemplate\":\"https:\/\/woodprofessionals.lt\/lt\/?s={search_term_string}\"},\"query-input\":{\"@type\":\"PropertyValueSpecification\",\"valueRequired\":true,\"valueName\":\"search_term_string\"}}],\"inLanguage\":\"lt-LT\"}]}<\/script>\n<!-- \/ Yoast SEO plugin. -->","yoast_head_json":{"title":"Woodprofessionals.lt: auk\u0161tos kokyb\u0117s medienos produktai","description":"UAB \u201eMedienos profesionalai\u201d \u2013 auk\u0161tos kokyb\u0117s medienos produkt\u0173, skirt\u0173 sodui, stovyklavietei ar kitam gamtos prieglobs\u010diui, gamintojas.","robots":{"index":"index","follow":"follow","max-snippet":"max-snippet:-1","max-image-preview":"max-image-preview:large","max-video-preview":"max-video-preview:-1"},"canonical":"https:\/\/woodprofessionals.lt\/lt\/news-2\/","og_locale":"lt_LT","og_type":"article","og_title":"Woodprofessionals.lt: auk\u0161tos kokyb\u0117s medienos produktai","og_description":"UAB \u201eMedienos profesionalai\u201d \u2013 auk\u0161tos kokyb\u0117s medienos produkt\u0173, skirt\u0173 sodui, stovyklavietei ar kitam gamtos prieglobs\u010diui, gamintojas.","og_url":"https:\/\/woodprofessionals.lt\/lt\/news-2\/","og_site_name":"Wood professionals","article_modified_time":"2024-01-24T14:49:44+00:00","twitter_card":"summary_large_image","twitter_misc":{"Est. reading time":"1 minute"},"schema":{"@context":"https:\/\/schema.org","@graph":[{"@type":"WebPage","@id":"https:\/\/woodprofessionals.lt\/lt\/news-2\/","url":"https:\/\/woodprofessionals.lt\/lt\/news-2\/","name":"Woodprofessionals.lt: auk\u0161tos kokyb\u0117s medienos produktai","isPartOf":{"@id":"https:\/\/woodprofessionals.lt\/lt\/#website"},"datePublished":"2015-03-09T02:23:33+00:00","dateModified":"2024-01-24T14:49:44+00:00","description":"UAB \u201eMedienos profesionalai\u201d \u2013 auk\u0161tos kokyb\u0117s medienos produkt\u0173, skirt\u0173 sodui, stovyklavietei ar kitam gamtos prieglobs\u010diui, gamintojas.","breadcrumb":{"@id":"https:\/\/woodprofessionals.lt\/lt\/news-2\/#breadcrumb"},"inLanguage":"lt-LT","potentialAction":[{"@type":"ReadAction","target":["https:\/\/woodprofessionals.lt\/lt\/news-2\/"]}]},{"@type":"BreadcrumbList","@id":"https:\/\/woodprofessionals.lt\/lt\/news-2\/#breadcrumb","itemListElement":[{"@type":"ListItem","position":1,"name":"Home","item":"https:\/\/woodprofessionals.lt\/lt\/"},{"@type":"ListItem","position":2,"name":"News"}]},{"@type":"WebSite","@id":"https:\/\/woodprofessionals.lt\/lt\/#website","url":"https:\/\/woodprofessionals.lt\/lt\/","name":"Wood professionals","description":"","potentialAction":[{"@type":"SearchAction","target":{"@type":"EntryPoint","urlTemplate":"https:\/\/woodprofessionals.lt\/lt\/?s={search_term_string}"},"query-input":{"@type":"PropertyValueSpecification","valueRequired":true,"valueName":"search_term_string"}}],"inLanguage":"lt-LT"}]}},"_links":{"self":[{"href":"https:\/\/woodprofessionals.lt\/lt\/wp-json\/wp\/v2\/pages\/101","targetHints":{"allow":["GET"]}}],"collection":[{"href":"https:\/\/woodprofessionals.lt\/lt\/wp-json\/wp\/v2\/pages"}],"about":[{"href":"https:\/\/woodprofessionals.lt\/lt\/wp-json\/wp\/v2\/types\/page"}],"author":[{"embeddable":true,"href":"https:\/\/woodprofessionals.lt\/lt\/wp-json\/wp\/v2\/users\/4"}],"replies":[{"embeddable":true,"href":"https:\/\/woodprofessionals.lt\/lt\/wp-json\/wp\/v2\/comments?post=101"}],"version-history":[{"count":26,"href":"https:\/\/woodprofessionals.lt\/lt\/wp-json\/wp\/v2\/pages\/101\/revisions"}],"predecessor-version":[{"id":8654,"href":"https:\/\/woodprofessionals.lt\/lt\/wp-json\/wp\/v2\/pages\/101\/revisions\/8654"}],"wp:attachment":[{"href":"https:\/\/woodprofessionals.lt\/lt\/wp-json\/wp\/v2\/media?parent=101"}],"curies":[{"name":"wp","href":"https:\/\/api.w.org\/{rel}","templated":true}]}}